{"id":3873,"date":"2023-02-06T13:57:45","date_gmt":"2023-02-06T12:57:45","guid":{"rendered":"https:\/\/www.weinmann-online.de\/produkt\/testing-device-resimat-150\/"},"modified":"2023-02-06T13:57:45","modified_gmt":"2023-02-06T12:57:45","slug":"testing-device-resimat-150","status":"publish","type":"product","link":"https:\/\/www.weinmann-online.de\/en\/produkt\/testing-device-resimat-150\/","title":{"rendered":"Testing Device Resimat 150"},"content":{"rendered":"<p style=\"font-weight: 400;\">Testing Device Resimat 150 as specified in the Product-Information Resimat\u00ae 150, IKEA specification IOS-MAT-0076, chapter 1.7<\/p>\n<p><a href=\"https:\/\/www.weinmann-online.de\/wp-content\/uploads\/2023\/02\/Resimat.pdf\" target=\"_blank\" rel=\"noopener\">PDF<\/a><\/p>\n","protected":false},"excerpt":{"rendered":"<p style=\"font-weight: 400;\">Testing Device Resimat 150 as specified in the Product-Information Resimat\u00ae 150, IKEA specification IOS-MAT-0076, chapter 1.7<\/p>\n<p><a href=\"https:\/\/www.weinmann-online.de\/wp-content\/uploads\/2023\/02\/Resimat.pdf\" target=\"_blank\" rel=\"noopener\">PDF<\/a><\/p>\n","protected":false},"featured_media":3870,"template":"","meta":{"_acf_changed":false},"product_brand":[],"product_cat":[71],"product_tag":[],"class_list":{"0":"post-3873","1":"product","2":"type-product","3":"status-publish","4":"has-post-thumbnail","6":"product_cat-uncategorized","8":"first","9":"instock","10":"shipping-taxable","11":"product-type-simple"},"acf":[],"yoast_head":"<!-- This site is optimized with the Yoast SEO plugin v27.1.1 - https:\/\/yoast.com\/product\/yoast-seo-wordpress\/ -->\n<title>Testing Device Resimat 150 - Weinmann Pr\u00fcftechnik<\/title>\n<meta name=\"robots\" content=\"index, follow, max-snippet:-1, max-image-preview:large, max-video-preview:-1\" \/>\n<link rel=\"canonical\" href=\"https:\/\/www.weinmann-online.de\/en\/produkt\/testing-device-resimat-150\/\" \/>\n<meta property=\"og:locale\" content=\"en_US\" \/>\n<meta property=\"og:type\" content=\"article\" \/>\n<meta property=\"og:title\" content=\"Testing Device Resimat 150 - Weinmann Pr\u00fcftechnik\" \/>\n<meta property=\"og:description\" content=\"Testing Device Resimat 150 as specified in the Product-Information Resimat\u00ae 150, IKEA specification IOS-MAT-0076, chapter 1.7 PDF\" \/>\n<meta property=\"og:url\" content=\"https:\/\/www.weinmann-online.de\/en\/produkt\/testing-device-resimat-150\/\" \/>\n<meta property=\"og:site_name\" content=\"Weinmann Pr\u00fcftechnik\" \/>\n<meta name=\"twitter:card\" content=\"summary_large_image\" \/>\n<!-- \/ Yoast SEO plugin. -->","yoast_head_json":{"title":"Testing Device Resimat 150 - Weinmann Pr\u00fcftechnik","robots":{"index":"index","follow":"follow","max-snippet":"max-snippet:-1","max-image-preview":"max-image-preview:large","max-video-preview":"max-video-preview:-1"},"canonical":"https:\/\/www.weinmann-online.de\/en\/produkt\/testing-device-resimat-150\/","og_locale":"en_US","og_type":"article","og_title":"Testing Device Resimat 150 - Weinmann Pr\u00fcftechnik","og_description":"Testing Device Resimat 150 as specified in the Product-Information Resimat\u00ae 150, IKEA specification IOS-MAT-0076, chapter 1.7 PDF","og_url":"https:\/\/www.weinmann-online.de\/en\/produkt\/testing-device-resimat-150\/","og_site_name":"Weinmann Pr\u00fcftechnik","twitter_card":"summary_large_image","schema":{"@context":"https:\/\/schema.org","@graph":[{"@type":"WebPage","@id":"https:\/\/www.weinmann-online.de\/en\/produkt\/testing-device-resimat-150\/","url":"https:\/\/www.weinmann-online.de\/en\/produkt\/testing-device-resimat-150\/","name":"Testing Device Resimat 150 - Weinmann Pr\u00fcftechnik","isPartOf":{"@id":"https:\/\/www.weinmann-online.de\/en\/#website"},"primaryImageOfPage":{"@id":"https:\/\/www.weinmann-online.de\/en\/produkt\/testing-device-resimat-150\/#primaryimage"},"image":{"@id":"https:\/\/www.weinmann-online.de\/en\/produkt\/testing-device-resimat-150\/#primaryimage"},"thumbnailUrl":"https:\/\/www.weinmann-online.de\/wp-content\/uploads\/2023\/02\/Pruefgeraet_viskoelastische_Schaumstoffe_Resimat_15.jpg","datePublished":"2023-02-06T12:57:45+00:00","breadcrumb":{"@id":"https:\/\/www.weinmann-online.de\/en\/produkt\/testing-device-resimat-150\/#breadcrumb"},"inLanguage":"en-US","potentialAction":[{"@type":"ReadAction","target":["https:\/\/www.weinmann-online.de\/en\/produkt\/testing-device-resimat-150\/"]}]},{"@type":"ImageObject","inLanguage":"en-US","@id":"https:\/\/www.weinmann-online.de\/en\/produkt\/testing-device-resimat-150\/#primaryimage","url":"https:\/\/www.weinmann-online.de\/wp-content\/uploads\/2023\/02\/Pruefgeraet_viskoelastische_Schaumstoffe_Resimat_15.jpg","contentUrl":"https:\/\/www.weinmann-online.de\/wp-content\/uploads\/2023\/02\/Pruefgeraet_viskoelastische_Schaumstoffe_Resimat_15.jpg","width":600,"height":600,"caption":"Pr\u00fcfger\u00e4t f\u00fcr viskoelastische Schaumstoffe Resimat\u00ae 15"},{"@type":"BreadcrumbList","@id":"https:\/\/www.weinmann-online.de\/en\/produkt\/testing-device-resimat-150\/#breadcrumb","itemListElement":[{"@type":"ListItem","position":1,"name":"Startseite","item":"https:\/\/www.weinmann-online.de\/en\/"},{"@type":"ListItem","position":2,"name":"Products","item":"https:\/\/www.weinmann-online.de\/en\/shop\/"},{"@type":"ListItem","position":3,"name":"Testing Device Resimat 150"}]},{"@type":"WebSite","@id":"https:\/\/www.weinmann-online.de\/en\/#website","url":"https:\/\/www.weinmann-online.de\/en\/","name":"Weinmann Pr\u00fcftechnik","description":"Pr\u00fcftechnik","potentialAction":[{"@type":"SearchAction","target":{"@type":"EntryPoint","urlTemplate":"https:\/\/www.weinmann-online.de\/en\/?s={search_term_string}"},"query-input":{"@type":"PropertyValueSpecification","valueRequired":true,"valueName":"search_term_string"}}],"inLanguage":"en-US"}]}},"_links":{"self":[{"href":"https:\/\/www.weinmann-online.de\/en\/wp-json\/wp\/v2\/product\/3873","targetHints":{"allow":["GET"]}}],"collection":[{"href":"https:\/\/www.weinmann-online.de\/en\/wp-json\/wp\/v2\/product"}],"about":[{"href":"https:\/\/www.weinmann-online.de\/en\/wp-json\/wp\/v2\/types\/product"}],"wp:featuredmedia":[{"embeddable":true,"href":"https:\/\/www.weinmann-online.de\/en\/wp-json\/wp\/v2\/media\/3870"}],"wp:attachment":[{"href":"https:\/\/www.weinmann-online.de\/en\/wp-json\/wp\/v2\/media?parent=3873"}],"wp:term":[{"taxonomy":"product_brand","embeddable":true,"href":"https:\/\/www.weinmann-online.de\/en\/wp-json\/wp\/v2\/product_brand?post=3873"},{"taxonomy":"product_cat","embeddable":true,"href":"https:\/\/www.weinmann-online.de\/en\/wp-json\/wp\/v2\/product_cat?post=3873"},{"taxonomy":"product_tag","embeddable":true,"href":"https:\/\/www.weinmann-online.de\/en\/wp-json\/wp\/v2\/product_tag?post=3873"}],"curies":[{"name":"wp","href":"https:\/\/api.w.org\/{rel}","templated":true}]}}