{"id":3539,"date":"2020-09-30T23:57:47","date_gmt":"2020-09-30T21:59:08","guid":{"rendered":"https:\/\/www.weinmann-online.de\/?post_type=product&#038;p=3539"},"modified":"2020-09-30T23:59:43","modified_gmt":"2020-09-30T21:59:43","slug":"foam-hardness-measuring-hand-manual-device-incl-load-pad-acc-gb-t10357-6-2013","status":"publish","type":"product","link":"https:\/\/www.weinmann-online.de\/en\/produkt\/foam-hardness-measuring-hand-manual-device-incl-load-pad-acc-gb-t10357-6-2013\/","title":{"rendered":"Foam hardness measuring hand-manual device, incl. load pad acc. GB\/T10357.6-2013"},"content":{"rendered":"<p>The device is used for locating different hardness values and zones in mattresses, foams, upholstered furniture and comparable materials.<\/p>\n<p>The device is manufactured by Weinmann for measuring purposes under condition of certification by DIN9001 with appropriate traceability.<\/p>\n<p>The handling is very easy. The device is delivered with a load weight of 5 kg. Prior to the measurement the device is placed on a flat and solid surface. The displacement encoder is resetted to zero by the reset button. For comparable results it is recommended to use the enclosed tape measure. The tape measure is placed with the zero-marking on the top. The first measurement starts at 250mm. The following measurements are placed in an interval of 100mm up to 1750mm. After a residence time of two minutes the penetration distance is read off of the caliper. The measurement may only take place under standard climate. Also the environmental parameters have to be recorded. Example logs are provided for download.<\/p>\n<p>The device is zerro on the reference plate for comparative measurements. Differences are immediately readable.<\/p>\n<p>Accordingly, also hardness comparative measurements are easily possible.<\/p>\n<p>The thrust pad is made according to GB\/T 10357.6 \u2013 2013, Test of mechanical properties of furniture, Part 6: Strength and durability of beds.<\/p>\n<p>Each device is delivered with an ISO calibration sheet.<\/p>\n<p>&nbsp;<\/p>\n","protected":false},"excerpt":{"rendered":"<p>The device is used for locating different hardness values and zones in mattresses, foams, upholstered furniture and comparable materials.<\/p>\n<p>&nbsp;<\/p>\n<p>The device is manufactured by Weinmann for measuring purposes under condition of certification by DIN9001 with appropriate traceability.<\/p>\n<p>&nbsp;<\/p>\n<p>The handling is very easy. The device is delivered with a load weight of 5 kg. Prior to the measurement the device is placed on a flat and solid surface. The displacement encoder is resetted to zero by the reset button. For comparable results it is recommended to use the enclosed tape measure. The tape measure is placed with the zero-marking on the top. The first measurement starts at 250mm. The following measurements are placed in an interval of 100mm up to 1750mm. After a residence time of two minutes the penetration distance is read off of the caliper. The measurement may only take place under standard climate. Also the environmental parameters have to be recorded. Example logs are provided for download.<\/p>\n<p>The device is zerro on the reference plate for comparative measurements. Differences are immediately readable.<\/p>\n<p>&nbsp;<\/p>\n<p>Accordingly, also hardness comparative measurements are easily possible.<\/p>\n<p>The thrust pad is made according to GB\/T 10357.6 \u2013 2013, Test of mechanical properties of furniture, Part 6: Strength and durability of beds.<\/p>\n<p>&nbsp;<\/p>\n<p>Each device is delivered with an ISO calibration sheet.<\/p>\n<p>&nbsp;<\/p>\n","protected":false},"featured_media":3538,"template":"","meta":{"_acf_changed":false},"product_brand":[],"product_cat":[349],"product_tag":[],"class_list":{"0":"post-3539","1":"product","2":"type-product","3":"status-publish","4":"has-post-thumbnail","6":"product_cat-foam-test","8":"first","9":"instock","10":"shipping-taxable","11":"product-type-simple"},"acf":[],"yoast_head":"<!-- This site is optimized with the Yoast SEO plugin v27.1.1 - https:\/\/yoast.com\/product\/yoast-seo-wordpress\/ -->\n<title>Foam hardness measuring hand-manual device, incl. load pad acc. GB\/T10357.6-2013 - Weinmann Pr\u00fcftechnik<\/title>\n<meta name=\"robots\" content=\"index, follow, max-snippet:-1, max-image-preview:large, max-video-preview:-1\" \/>\n<link rel=\"canonical\" href=\"https:\/\/www.weinmann-online.de\/en\/produkt\/foam-hardness-measuring-hand-manual-device-incl-load-pad-acc-gb-t10357-6-2013\/\" \/>\n<meta property=\"og:locale\" content=\"en_US\" \/>\n<meta property=\"og:type\" content=\"article\" \/>\n<meta property=\"og:title\" content=\"Foam hardness measuring hand-manual device, incl. load pad acc. GB\/T10357.6-2013 - Weinmann Pr\u00fcftechnik\" \/>\n<meta property=\"og:description\" content=\"The device is used for locating different hardness values and zones in mattresses, foams, upholstered furniture and comparable materials.  &nbsp;  The device is manufactured by Weinmann for measuring purposes under condition of certification by DIN9001 with appropriate traceability.  &nbsp;  The handling is very easy. The device is delivered with a load weight of 5 kg. Prior to the measurement the device is placed on a flat and solid surface. The displacement encoder is resetted to zero by the reset button. For comparable results it is recommended to use the enclosed tape measure. The tape measure is placed with the zero-marking on the top. The first measurement starts at 250mm. The following measurements are placed in an interval of 100mm up to 1750mm. After a residence time of two minutes the penetration distance is read off of the caliper. The measurement may only take place under standard climate. Also the environmental parameters have to be recorded. Example logs are provided for download.  The device is zerro on the reference plate for comparative measurements. Differences are immediately readable.  &nbsp;  Accordingly, also hardness comparative measurements are easily possible.  The thrust pad is made according to GB\/T 10357.6 \u2013 2013, Test of mechanical properties of furniture, Part 6: Strength and durability of beds.  &nbsp;  Each device is delivered with an ISO calibration sheet.  &nbsp;\" \/>\n<meta property=\"og:url\" content=\"https:\/\/www.weinmann-online.de\/en\/produkt\/foam-hardness-measuring-hand-manual-device-incl-load-pad-acc-gb-t10357-6-2013\/\" \/>\n<meta property=\"og:site_name\" content=\"Weinmann Pr\u00fcftechnik\" \/>\n<meta property=\"article:modified_time\" content=\"2020-09-30T21:59:43+00:00\" \/>\n<meta property=\"og:image\" content=\"https:\/\/www.weinmann-online.de\/wp-content\/uploads\/2020\/09\/Einsinkmessgeraet-schaeume.jpg\" \/>\n\t<meta property=\"og:image:width\" content=\"1280\" \/>\n\t<meta property=\"og:image:height\" content=\"800\" \/>\n\t<meta property=\"og:image:type\" content=\"image\/jpeg\" \/>\n<meta name=\"twitter:card\" content=\"summary_large_image\" \/>\n<meta name=\"twitter:label1\" content=\"Est. reading time\" \/>\n\t<meta name=\"twitter:data1\" content=\"1 minute\" \/>\n<!-- \/ Yoast SEO plugin. -->","yoast_head_json":{"title":"Foam hardness measuring hand-manual device, incl. load pad acc. GB\/T10357.6-2013 - Weinmann Pr\u00fcftechnik","robots":{"index":"index","follow":"follow","max-snippet":"max-snippet:-1","max-image-preview":"max-image-preview:large","max-video-preview":"max-video-preview:-1"},"canonical":"https:\/\/www.weinmann-online.de\/en\/produkt\/foam-hardness-measuring-hand-manual-device-incl-load-pad-acc-gb-t10357-6-2013\/","og_locale":"en_US","og_type":"article","og_title":"Foam hardness measuring hand-manual device, incl. load pad acc. GB\/T10357.6-2013 - Weinmann Pr\u00fcftechnik","og_description":"The device is used for locating different hardness values and zones in mattresses, foams, upholstered furniture and comparable materials.  &nbsp;  The device is manufactured by Weinmann for measuring purposes under condition of certification by DIN9001 with appropriate traceability.  &nbsp;  The handling is very easy. The device is delivered with a load weight of 5 kg. Prior to the measurement the device is placed on a flat and solid surface. The displacement encoder is resetted to zero by the reset button. For comparable results it is recommended to use the enclosed tape measure. The tape measure is placed with the zero-marking on the top. The first measurement starts at 250mm. The following measurements are placed in an interval of 100mm up to 1750mm. After a residence time of two minutes the penetration distance is read off of the caliper. The measurement may only take place under standard climate. Also the environmental parameters have to be recorded. Example logs are provided for download.  The device is zerro on the reference plate for comparative measurements. Differences are immediately readable.  &nbsp;  Accordingly, also hardness comparative measurements are easily possible.  The thrust pad is made according to GB\/T 10357.6 \u2013 2013, Test of mechanical properties of furniture, Part 6: Strength and durability of beds.  &nbsp;  Each device is delivered with an ISO calibration sheet.  &nbsp;","og_url":"https:\/\/www.weinmann-online.de\/en\/produkt\/foam-hardness-measuring-hand-manual-device-incl-load-pad-acc-gb-t10357-6-2013\/","og_site_name":"Weinmann Pr\u00fcftechnik","article_modified_time":"2020-09-30T21:59:43+00:00","og_image":[{"width":1280,"height":800,"url":"https:\/\/www.weinmann-online.de\/wp-content\/uploads\/2020\/09\/Einsinkmessgeraet-schaeume.jpg","type":"image\/jpeg"}],"twitter_card":"summary_large_image","twitter_misc":{"Est. reading time":"1 minute"},"schema":{"@context":"https:\/\/schema.org","@graph":[{"@type":"WebPage","@id":"https:\/\/www.weinmann-online.de\/en\/produkt\/foam-hardness-measuring-hand-manual-device-incl-load-pad-acc-gb-t10357-6-2013\/","url":"https:\/\/www.weinmann-online.de\/en\/produkt\/foam-hardness-measuring-hand-manual-device-incl-load-pad-acc-gb-t10357-6-2013\/","name":"Foam hardness measuring hand-manual device, incl. load pad acc. GB\/T10357.6-2013 - Weinmann Pr\u00fcftechnik","isPartOf":{"@id":"https:\/\/www.weinmann-online.de\/en\/#website"},"primaryImageOfPage":{"@id":"https:\/\/www.weinmann-online.de\/en\/produkt\/foam-hardness-measuring-hand-manual-device-incl-load-pad-acc-gb-t10357-6-2013\/#primaryimage"},"image":{"@id":"https:\/\/www.weinmann-online.de\/en\/produkt\/foam-hardness-measuring-hand-manual-device-incl-load-pad-acc-gb-t10357-6-2013\/#primaryimage"},"thumbnailUrl":"https:\/\/www.weinmann-online.de\/wp-content\/uploads\/2020\/09\/Einsinkmessgeraet-schaeume.jpg","datePublished":"2020-09-30T21:59:08+00:00","dateModified":"2020-09-30T21:59:43+00:00","breadcrumb":{"@id":"https:\/\/www.weinmann-online.de\/en\/produkt\/foam-hardness-measuring-hand-manual-device-incl-load-pad-acc-gb-t10357-6-2013\/#breadcrumb"},"inLanguage":"en-US","potentialAction":[{"@type":"ReadAction","target":["https:\/\/www.weinmann-online.de\/en\/produkt\/foam-hardness-measuring-hand-manual-device-incl-load-pad-acc-gb-t10357-6-2013\/"]}]},{"@type":"ImageObject","inLanguage":"en-US","@id":"https:\/\/www.weinmann-online.de\/en\/produkt\/foam-hardness-measuring-hand-manual-device-incl-load-pad-acc-gb-t10357-6-2013\/#primaryimage","url":"https:\/\/www.weinmann-online.de\/wp-content\/uploads\/2020\/09\/Einsinkmessgeraet-schaeume.jpg","contentUrl":"https:\/\/www.weinmann-online.de\/wp-content\/uploads\/2020\/09\/Einsinkmessgeraet-schaeume.jpg","width":1280,"height":800,"caption":"Einsinktiefenmessger\u00e4t f\u00fcr Sch\u00e4ume inkl. Druckstempel nach GB\/T10357.6-2013"},{"@type":"BreadcrumbList","@id":"https:\/\/www.weinmann-online.de\/en\/produkt\/foam-hardness-measuring-hand-manual-device-incl-load-pad-acc-gb-t10357-6-2013\/#breadcrumb","itemListElement":[{"@type":"ListItem","position":1,"name":"Startseite","item":"https:\/\/www.weinmann-online.de\/en\/"},{"@type":"ListItem","position":2,"name":"Products","item":"https:\/\/www.weinmann-online.de\/en\/shop\/"},{"@type":"ListItem","position":3,"name":"Foam hardness measuring hand-manual device, incl. load pad acc. GB\/T10357.6-2013"}]},{"@type":"WebSite","@id":"https:\/\/www.weinmann-online.de\/en\/#website","url":"https:\/\/www.weinmann-online.de\/en\/","name":"Weinmann Pr\u00fcftechnik","description":"Pr\u00fcftechnik","potentialAction":[{"@type":"SearchAction","target":{"@type":"EntryPoint","urlTemplate":"https:\/\/www.weinmann-online.de\/en\/?s={search_term_string}"},"query-input":{"@type":"PropertyValueSpecification","valueRequired":true,"valueName":"search_term_string"}}],"inLanguage":"en-US"}]}},"_links":{"self":[{"href":"https:\/\/www.weinmann-online.de\/en\/wp-json\/wp\/v2\/product\/3539","targetHints":{"allow":["GET"]}}],"collection":[{"href":"https:\/\/www.weinmann-online.de\/en\/wp-json\/wp\/v2\/product"}],"about":[{"href":"https:\/\/www.weinmann-online.de\/en\/wp-json\/wp\/v2\/types\/product"}],"wp:featuredmedia":[{"embeddable":true,"href":"https:\/\/www.weinmann-online.de\/en\/wp-json\/wp\/v2\/media\/3538"}],"wp:attachment":[{"href":"https:\/\/www.weinmann-online.de\/en\/wp-json\/wp\/v2\/media?parent=3539"}],"wp:term":[{"taxonomy":"product_brand","embeddable":true,"href":"https:\/\/www.weinmann-online.de\/en\/wp-json\/wp\/v2\/product_brand?post=3539"},{"taxonomy":"product_cat","embeddable":true,"href":"https:\/\/www.weinmann-online.de\/en\/wp-json\/wp\/v2\/product_cat?post=3539"},{"taxonomy":"product_tag","embeddable":true,"href":"https:\/\/www.weinmann-online.de\/en\/wp-json\/wp\/v2\/product_tag?post=3539"}],"curies":[{"name":"wp","href":"https:\/\/api.w.org\/{rel}","templated":true}]}}