{"id":4211,"date":"2025-02-21T16:46:45","date_gmt":"2025-02-21T15:46:45","guid":{"rendered":"https:\/\/www.weinmann-online.de\/express-application\/"},"modified":"2025-02-21T16:46:45","modified_gmt":"2025-02-21T15:46:45","slug":"express-application","status":"publish","type":"page","link":"https:\/\/www.weinmann-online.de\/en\/express-application\/","title":{"rendered":"Express application"},"content":{"rendered":"<!-- Loading-Overlay f\u00fcr besseres Feedback -->\n<div class=\"funnel-loading-overlay\" id=\"funnel-loading-overlay\">\n    <div style=\"text-align: center;\">\n        <div class=\"funnel-loading-spinner\"><\/div>\n        <div class=\"funnel-loading-text\" id=\"funnel-loading-text\">Verarbeite...<\/div>\n    <\/div>\n<\/div>\n\n<div class=\"job-funnel-container\">\n    <div class=\"progress-bar\">\n        <div class=\"progress-fill\"><\/div>\n    <\/div>\n\n            <div class=\"funnel-step\" data-step=\"1\">\n            <div class=\"step-header\">\n                <img decoding=\"async\" src=\"https:\/\/www.weinmann-online.de\/wp-content\/plugins\/funnel-plugin\/assets\/icons\/astronaut.svg\" \n                     class=\"step-icon\" \n                     alt=\"Position\">\n                <h2 class=\"step-title\">Position<\/h2>\n            <\/div>\n            \n            <div class=\"step-question\">\n                Als was wollen Sie sich bewerben?            <\/div>\n\n            <div class=\"button-group\">\n                                                            <button class=\"option-button\" data-value=\"reinigungskraft\">\n                            <span class=\"button-text\">Reinigungskraft<\/span>\n                        <\/button>\n                                            <button class=\"option-button\" data-value=\"mechaniker\">\n                            <span class=\"button-text\">Mechaniker\/Monteur Mechatroniker<\/span>\n                        <\/button>\n                                            <button class=\"option-button\" data-value=\"elektroniker\">\n                            <span class=\"button-text\">Elektroniker f\u00fcr Schaltschrankbau<\/span>\n                        <\/button>\n                                            <button class=\"option-button\" data-value=\"sonstiges\">\n                            <span class=\"button-text\">Sonstiges<\/span>\n                        <\/button>\n                                        \n                                                <\/div>\n        <\/div>\n            <div class=\"funnel-step\" data-step=\"2\">\n            <div class=\"step-header\">\n                <img decoding=\"async\" src=\"https:\/\/www.weinmann-online.de\/wp-content\/plugins\/funnel-plugin\/assets\/icons\/astronaut.svg\" \n                     class=\"step-icon\" \n                     alt=\"Berufsausbildung\">\n                <h2 class=\"step-title\">Berufsausbildung<\/h2>\n            <\/div>\n            \n            <div class=\"step-question\">\n                Haben Sie eine abgeschlossene Berufsausbildung?            <\/div>\n\n            <div class=\"button-group\">\n                                                            <button class=\"option-button\" data-value=\"nein\">\n                            <span class=\"button-text\">Nein<\/span>\n                        <\/button>\n                                            <button class=\"option-button\" data-value=\"ja\">\n                            <span class=\"button-text\">Ja, passend f\u00fcr die ausgeschriebene Stelle<\/span>\n                        <\/button>\n                                        \n                                            <button type=\"button\" class=\"back-button\">Zur\u00fcck<\/button>\n                                                <\/div>\n        <\/div>\n            <div class=\"funnel-step\" data-step=\"3\">\n            <div class=\"step-header\">\n                <img decoding=\"async\" src=\"https:\/\/www.weinmann-online.de\/wp-content\/plugins\/funnel-plugin\/assets\/icons\/astronaut.svg\" \n                     class=\"step-icon\" \n                     alt=\"Schulabschluss\">\n                <h2 class=\"step-title\">Schulabschluss<\/h2>\n            <\/div>\n            \n            <div class=\"step-question\">\n                Welchen Schulabschluss haben Sie?            <\/div>\n\n            <div class=\"button-group\">\n                                                            <button class=\"option-button\" data-value=\"ohne\">\n                            <span class=\"button-text\">Ohne Abschluss<\/span>\n                        <\/button>\n                                            <button class=\"option-button\" data-value=\"haupt\">\n                            <span class=\"button-text\">Hauptschule<\/span>\n                        <\/button>\n                                            <button class=\"option-button\" data-value=\"mittel\">\n                            <span class=\"button-text\">Mittlerer Abschluss<\/span>\n                        <\/button>\n                                            <button class=\"option-button\" data-value=\"fach\">\n                            <span class=\"button-text\">Fachhochschulreife<\/span>\n                        <\/button>\n                                            <button class=\"option-button\" data-value=\"abi\">\n                            <span class=\"button-text\">Allgemeine Hochschulreife<\/span>\n                        <\/button>\n                                        \n                                            <button type=\"button\" class=\"back-button\">Zur\u00fcck<\/button>\n                                                <\/div>\n        <\/div>\n            <div class=\"funnel-step\" data-step=\"4\">\n            <div class=\"step-header\">\n                <img decoding=\"async\" src=\"https:\/\/www.weinmann-online.de\/wp-content\/plugins\/funnel-plugin\/assets\/icons\/astronaut.svg\" \n                     class=\"step-icon\" \n                     alt=\"Berufserfahrung\">\n                <h2 class=\"step-title\">Berufserfahrung<\/h2>\n            <\/div>\n            \n            <div class=\"step-question\">\n                Welche Berufserfahrung haben Sie?            <\/div>\n\n            <div class=\"button-group\">\n                                                            <button class=\"option-button\" data-value=\"keine\">\n                            <span class=\"button-text\">Keine<\/span>\n                        <\/button>\n                                            <button class=\"option-button\" data-value=\"1-3\">\n                            <span class=\"button-text\">1-3 Jahre<\/span>\n                        <\/button>\n                                            <button class=\"option-button\" data-value=\"4-9\">\n                            <span class=\"button-text\">4-9 Jahre<\/span>\n                        <\/button>\n                                            <button class=\"option-button\" data-value=\"10+\">\n                            <span class=\"button-text\">Mehr als 10 Jahre<\/span>\n                        <\/button>\n                                        \n                                            <button type=\"button\" class=\"back-button\">Zur\u00fcck<\/button>\n                                                <\/div>\n        <\/div>\n            <div class=\"funnel-step\" data-step=\"5\">\n            <div class=\"step-header\">\n                <img decoding=\"async\" src=\"https:\/\/www.weinmann-online.de\/wp-content\/plugins\/funnel-plugin\/assets\/icons\/car-smart.svg\" \n                     class=\"step-icon\" \n                     alt=\"F\u00fchrerschein\">\n                <h2 class=\"step-title\">F\u00fchrerschein<\/h2>\n            <\/div>\n            \n            <div class=\"step-question\">\n                Besitzen Sie einen g\u00fcltigen Pkw F\u00fchrerschein?            <\/div>\n\n            <div class=\"button-group\">\n                                                            <button class=\"option-button\" data-value=\"ja\">\n                            <span class=\"button-text\">Ja<\/span>\n                        <\/button>\n                                            <button class=\"option-button\" data-value=\"nein\">\n                            <span class=\"button-text\">Nein<\/span>\n                        <\/button>\n                                        \n                                            <button type=\"button\" class=\"back-button\">Zur\u00fcck<\/button>\n                                                <\/div>\n        <\/div>\n            <div class=\"funnel-step\" data-step=\"6\">\n            <div class=\"step-header\">\n                <img decoding=\"async\" src=\"https:\/\/www.weinmann-online.de\/wp-content\/plugins\/funnel-plugin\/assets\/icons\/plane.svg\" \n                     class=\"step-icon\" \n                     alt=\"Reisebereitschaft\">\n                <h2 class=\"step-title\">Reisebereitschaft<\/h2>\n            <\/div>\n            \n            <div class=\"step-question\">\n                Wie hoch ist Ihre Reisebereitschaft?            <\/div>\n\n            <div class=\"button-group\">\n                                                            <button class=\"option-button\" data-value=\"A\">\n                            <span class=\"button-text\">Ich bin jederzeit uneingeschr\u00e4nkt reisebereit \u2013 auch zu l\u00e4ngeren und internationalen Eins\u00e4tzen<\/span>\n                        <\/button>\n                                            <button class=\"option-button\" data-value=\"B\">\n                            <span class=\"button-text\">Ich bin regelm\u00e4\u00dfig reisebereit, bevorzugt aber nationale Eins\u00e4tze<\/span>\n                        <\/button>\n                                            <button class=\"option-button\" data-value=\"C\">\n                            <span class=\"button-text\">Ich bin nur in Ausnahmef\u00e4llen reisebereit<\/span>\n                        <\/button>\n                                            <button class=\"option-button\" data-value=\"D\">\n                            <span class=\"button-text\">Ich bevorzuge einen Arbeitsplatz ohne Dienstreisen<\/span>\n                        <\/button>\n                                        \n                                            <button type=\"button\" class=\"back-button\">Zur\u00fcck<\/button>\n                                                <\/div>\n        <\/div>\n            <div class=\"funnel-step\" data-step=\"7\">\n            <div class=\"step-header\">\n                <img decoding=\"async\" src=\"https:\/\/www.weinmann-online.de\/wp-content\/plugins\/funnel-plugin\/assets\/icons\/envelope.svg\" \n                     class=\"step-icon\" \n                     alt=\"Pers\u00f6nliche Daten\">\n                <h2 class=\"step-title\">Pers\u00f6nliche Daten<\/h2>\n            <\/div>\n            \n            <div class=\"step-question\">\n                Bitte geben Sie Ihre Kontaktdaten ein            <\/div>\n\n            <div class=\"button-group\">\n                                    <form id=\"contact-form\" enctype=\"multipart\/form-data\" novalidate>\n                        <div class=\"form-group\">\n                            <select name=\"anrede\" required>\n                                <option value=\"\">Anrede ausw\u00e4hlen *<\/option>\n                                <option value=\"herr\">Herr<\/option>\n                                <option value=\"frau\">Frau<\/option>\n                                <option value=\"sonstiges\">Sonstiges<\/option>\n                            <\/select>\n                        <\/div>\n                        \n                        <div class=\"form-group\">\n                            <input type=\"text\" name=\"vorname\" placeholder=\"Vorname *\" required>\n                        <\/div>\n                        \n                        <div class=\"form-group\">\n                            <input type=\"text\" name=\"nachname\" placeholder=\"Nachname *\" required>\n                        <\/div>\n                        \n                        <div class=\"form-group\">\n                            <input type=\"email\" name=\"email\" placeholder=\"E-Mail *\" required>\n                        <\/div>\n                        \n                        <div class=\"form-group\">\n                            <input type=\"tel\" name=\"phone\" placeholder=\"Telefon *\" required>\n                        <\/div>\n                        \n                        <div class=\"form-group\">\n                            <input type=\"text\" name=\"wohnort\" placeholder=\"Wohnort\">\n                        <\/div>\n                        \n                        <div class=\"form-group\">\n                            <textarea name=\"nachricht\" placeholder=\"Wann k\u00f6nnen wir Sie erreichen? Sonstige Nachricht\" rows=\"4\"><\/textarea>\n                        <\/div>\n                        \n                        <div class=\"file-upload\">\n                            <label for=\"file-upload\">Bewerbungsunterlagen hochladen<\/label>\n                            <input type=\"file\" id=\"file-upload\" multiple accept=\".pdf,.doc,.docx,.jpg,.jpeg,.png\">\n                            <ul id=\"file-list\"><\/ul>\n                        <\/div>\n                        \n                                                \n                        <div id=\"submit-error-message\" class=\"error-message\" style=\"display: none;\"><\/div>\n                        <button type=\"submit\" class=\"submit-button\">\n                            <span class=\"button-text\">Bewerbung absenden<\/span>\n                        <\/button>\n                        \n                        <!-- Pflichtfeld-Hinweis -->\n                        <div class=\"required-fields-info\" style=\"margin-top: 15px; font-size: 13px; color: #666; text-align: center;\">\n                            <span id=\"required-indicator\" style=\"display: none;\">* Pflichtfeld<\/span>\n                        <\/div>\n                    <\/form>\n                    \n                                            <button type=\"button\" class=\"back-button\">Zur\u00fcck<\/button>\n                                                <\/div>\n        <\/div>\n    <\/div> \n","protected":false},"excerpt":{"rendered":"Verarbeite... Position Als was wollen Sie sich bewerben? Reinigungskraft Mechaniker\/Monteur Mechatroniker Elektroniker f\u00fcr Schaltschrankbau Sonstiges Berufsausbildung Haben Sie eine abgeschlossene [...]","protected":false},"author":5,"featured_media":0,"parent":0,"menu_order":0,"comment_status":"closed","ping_status":"closed","template":"","meta":{"_acf_changed":false,"footnotes":""},"class_list":["post-4211","page","type-page","status-publish","hentry"],"acf":[],"yoast_head":"<!-- This site is optimized with the Yoast SEO plugin v27.1.1 - https:\/\/yoast.com\/product\/yoast-seo-wordpress\/ -->\n<title>Express application - Weinmann Pr\u00fcftechnik<\/title>\n<meta name=\"robots\" content=\"index, follow, max-snippet:-1, max-image-preview:large, max-video-preview:-1\" \/>\n<link rel=\"canonical\" href=\"https:\/\/www.weinmann-online.de\/en\/express-application\/\" \/>\n<meta property=\"og:locale\" content=\"en_US\" \/>\n<meta property=\"og:type\" content=\"article\" \/>\n<meta property=\"og:title\" content=\"Express application - Weinmann Pr\u00fcftechnik\" \/>\n<meta property=\"og:url\" content=\"https:\/\/www.weinmann-online.de\/en\/express-application\/\" \/>\n<meta property=\"og:site_name\" content=\"Weinmann Pr\u00fcftechnik\" \/>\n<meta name=\"twitter:card\" content=\"summary_large_image\" \/>\n<!-- \/ Yoast SEO plugin. -->","yoast_head_json":{"title":"Express application - Weinmann Pr\u00fcftechnik","robots":{"index":"index","follow":"follow","max-snippet":"max-snippet:-1","max-image-preview":"max-image-preview:large","max-video-preview":"max-video-preview:-1"},"canonical":"https:\/\/www.weinmann-online.de\/en\/express-application\/","og_locale":"en_US","og_type":"article","og_title":"Express application - Weinmann Pr\u00fcftechnik","og_url":"https:\/\/www.weinmann-online.de\/en\/express-application\/","og_site_name":"Weinmann Pr\u00fcftechnik","twitter_card":"summary_large_image","schema":{"@context":"https:\/\/schema.org","@graph":[{"@type":"WebPage","@id":"https:\/\/www.weinmann-online.de\/en\/express-application\/","url":"https:\/\/www.weinmann-online.de\/en\/express-application\/","name":"Express application - Weinmann Pr\u00fcftechnik","isPartOf":{"@id":"https:\/\/www.weinmann-online.de\/en\/#website"},"datePublished":"2025-02-21T15:46:45+00:00","breadcrumb":{"@id":"https:\/\/www.weinmann-online.de\/en\/express-application\/#breadcrumb"},"inLanguage":"en-US","potentialAction":[{"@type":"ReadAction","target":["https:\/\/www.weinmann-online.de\/en\/express-application\/"]}]},{"@type":"BreadcrumbList","@id":"https:\/\/www.weinmann-online.de\/en\/express-application\/#breadcrumb","itemListElement":[{"@type":"ListItem","position":1,"name":"Startseite","item":"https:\/\/www.weinmann-online.de\/en\/"},{"@type":"ListItem","position":2,"name":"Express application"}]},{"@type":"WebSite","@id":"https:\/\/www.weinmann-online.de\/en\/#website","url":"https:\/\/www.weinmann-online.de\/en\/","name":"Weinmann Pr\u00fcftechnik","description":"Pr\u00fcftechnik","potentialAction":[{"@type":"SearchAction","target":{"@type":"EntryPoint","urlTemplate":"https:\/\/www.weinmann-online.de\/en\/?s={search_term_string}"},"query-input":{"@type":"PropertyValueSpecification","valueRequired":true,"valueName":"search_term_string"}}],"inLanguage":"en-US"}]}},"_links":{"self":[{"href":"https:\/\/www.weinmann-online.de\/en\/wp-json\/wp\/v2\/pages\/4211","targetHints":{"allow":["GET"]}}],"collection":[{"href":"https:\/\/www.weinmann-online.de\/en\/wp-json\/wp\/v2\/pages"}],"about":[{"href":"https:\/\/www.weinmann-online.de\/en\/wp-json\/wp\/v2\/types\/page"}],"author":[{"embeddable":true,"href":"https:\/\/www.weinmann-online.de\/en\/wp-json\/wp\/v2\/users\/5"}],"replies":[{"embeddable":true,"href":"https:\/\/www.weinmann-online.de\/en\/wp-json\/wp\/v2\/comments?post=4211"}],"version-history":[{"count":0,"href":"https:\/\/www.weinmann-online.de\/en\/wp-json\/wp\/v2\/pages\/4211\/revisions"}],"wp:attachment":[{"href":"https:\/\/www.weinmann-online.de\/en\/wp-json\/wp\/v2\/media?parent=4211"}],"curies":[{"name":"wp","href":"https:\/\/api.w.org\/{rel}","templated":true}]}}